{"id":152,"date":"2015-09-09T01:01:56","date_gmt":"2015-09-08T22:01:56","guid":{"rendered":"http:\/\/www.ismailbilir.com\/dugun\/?page_id=152"},"modified":"2015-09-09T01:04:14","modified_gmt":"2015-09-08T22:04:14","slug":"3lu-album","status":"publish","type":"page","link":"http:\/\/www.ismailbilir.com\/dugun\/3lu-album\/","title":{"rendered":"3&#8217;l\u00fc Alb\u00fcm"},"content":{"rendered":"<h6><span style=\"color: #59a607;\">Her foto\u011fraf ayr\u0131 bir d\u00fcnya.<\/span><\/h6>\n<p>Bak\u0131\u015f a\u00e7\u0131s\u0131 ve hayal birle\u015fince nice g\u00fczellikler \u00e7\u0131k\u0131yor kar\u015f\u0131m\u0131za. \u0130yi bir foto\u011fraf \u00e7ekmek i\u00e7in m\u00fckemmel bir makineye ihtiya\u00e7 yok.\u00a0Her foto\u011fraf ayr\u0131 bir d\u00fcnya. Bak\u0131\u015f a\u00e7\u0131s\u0131 ve hayal birle\u015fince nice g\u00fczellikler \u00e7\u0131k\u0131yor kar\u015f\u0131m\u0131za. \u0130yi bir foto\u011fraf \u00e7ekmek i\u00e7in m\u00fckemmel bir makineye ihtiya\u00e7 yok.<\/p>\n<blockquote><p>Her foto\u011fraf ayr\u0131 bir d\u00fcnya. Bak\u0131\u015f a\u00e7\u0131s\u0131 ve hayal birle\u015fince nice g\u00fczellikler \u00e7\u0131k\u0131yor kar\u015f\u0131m\u0131za. \u0130yi bir foto\u011fraf \u00e7ekmek i\u00e7in m\u00fckemmel bir makineye ihtiya\u00e7 yok.<\/p><\/blockquote>\n<p>Her foto\u011fraf ayr\u0131 bir d\u00fcnya. Bak\u0131\u015f a\u00e7\u0131s\u0131 ve hayal birle\u015fince nice g\u00fczellikler \u00e7\u0131k\u0131yor kar\u015f\u0131m\u0131za. &#8230;.<\/p>\n<blockquote><p>\u0130yi bir foto\u011fraf \u00e7ekmek i\u00e7in m\u00fckemmel bir makineye ihtiya\u00e7 yok.<\/p><\/blockquote>\n<p>Bak\u0131\u015f a\u00e7\u0131s\u0131 ve hayal birle\u015fince nice g\u00fczellikler \u00e7\u0131k\u0131yor kar\u015f\u0131m\u0131za. \u0130yi bir foto\u011fraf \u00e7ekmek i\u00e7in m\u00fckemmel bir makineye ihtiya\u00e7 yok.\u00a0Her foto\u011fraf ayr\u0131 bir d\u00fcnya. Bak\u0131\u015f a\u00e7\u0131s\u0131 ve hayal birle\u015fince nice g\u00fczellikler \u00e7\u0131k\u0131yor kar\u015f\u0131m\u0131za. \u0130yi bir foto\u011fraf \u00e7ekmek i\u00e7in m\u00fckemmel bir makineye ihtiya\u00e7 yok.<\/p>\n","protected":false},"excerpt":{"rendered":"<p>Her foto\u011fraf ayr\u0131 bir d\u00fcnya. Bak\u0131\u015f a\u00e7\u0131s\u0131 ve hayal birle\u015fince nice g\u00fczellikler \u00e7\u0131k\u0131yor kar\u015f\u0131m\u0131za. \u0130yi bir foto\u011fraf \u00e7ekmek i\u00e7in m\u00fckemmel bir makineye ihtiya\u00e7 yok.\u00a0Her foto\u011fraf ayr\u0131 bir d\u00fcnya. Bak\u0131\u015f a\u00e7\u0131s\u0131 ve hayal birle\u015fince nice g\u00fczellikler \u00e7\u0131k\u0131yor kar\u015f\u0131m\u0131za. \u0130yi bir foto\u011fraf \u00e7ekmek i\u00e7in m\u00fckemmel bir makineye ihtiya\u00e7 yok. Her foto\u011fraf ayr\u0131 bir d\u00fcnya. Bak\u0131\u015f a\u00e7\u0131s\u0131 ve [&hellip;]<\/p>\n","protected":false},"author":1,"featured_media":0,"parent":0,"menu_order":0,"comment_status":"closed","ping_status":"closed","template":"gallery_3.php","meta":{"footnotes":""},"class_list":["post-152","page","type-page","status-publish","hentry"],"_links":{"self":[{"href":"http:\/\/www.ismailbilir.com\/dugun\/wp-json\/wp\/v2\/pages\/152","targetHints":{"allow":["GET"]}}],"collection":[{"href":"http:\/\/www.ismailbilir.com\/dugun\/wp-json\/wp\/v2\/pages"}],"about":[{"href":"http:\/\/www.ismailbilir.com\/dugun\/wp-json\/wp\/v2\/types\/page"}],"author":[{"embeddable":true,"href":"http:\/\/www.ismailbilir.com\/dugun\/wp-json\/wp\/v2\/users\/1"}],"replies":[{"embeddable":true,"href":"http:\/\/www.ismailbilir.com\/dugun\/wp-json\/wp\/v2\/comments?post=152"}],"version-history":[{"count":1,"href":"http:\/\/www.ismailbilir.com\/dugun\/wp-json\/wp\/v2\/pages\/152\/revisions"}],"predecessor-version":[{"id":155,"href":"http:\/\/www.ismailbilir.com\/dugun\/wp-json\/wp\/v2\/pages\/152\/revisions\/155"}],"wp:attachment":[{"href":"http:\/\/www.ismailbilir.com\/dugun\/wp-json\/wp\/v2\/media?parent=152"}],"curies":[{"name":"wp","href":"https:\/\/api.w.org\/{rel}","templated":true}]}}