{"id":85,"date":"2015-09-09T00:22:06","date_gmt":"2015-09-08T21:22:06","guid":{"rendered":"http:\/\/www.ismailbilir.com\/dugun\/?page_id=85"},"modified":"2015-09-09T00:31:51","modified_gmt":"2015-09-08T21:31:51","slug":"foto-analiz","status":"publish","type":"page","link":"http:\/\/www.ismailbilir.com\/dugun\/foto-analiz\/","title":{"rendered":"Foto Analiz"},"content":{"rendered":"<h4><span style=\"color: #5c9906;\"><strong>Ashab-i Kehf K\u00fclliyesi<\/strong><\/span><\/h4>\n<div class=\"frame_center\"><a href=\"http:\/\/www.ismailbilir.com\/wp-content\/themes\/Atlas\/example\/slide\/mimari.jpg\" class=\"img_frame\"><img decoding=\"async\" src=\"http:\/\/www.ismailbilir.com\/wp-content\/themes\/Atlas\/example\/slide\/selcuklucami.jpg\" alt=\"\"\/><\/a><span class=\"caption\">Ashab\u0131 Kehf K\u00fclliyesi &#8211; Camii Penceresi Sel\u00e7uklu Mimarisi<\/span><\/div>\n<h3><span style=\"color: #5c9906;\"><strong>T\u00fcrk\u00e7e<\/strong><\/span><\/h3>\n<p>Ashab-\u0131 Kehf ve bu olay\u0131n kuvvetle muhtemel vukuu buldu\u011fu mekan olan Kahramanmara\u015f Af\u015fin Ashab-\u0131 Kehf K\u00fclliyesi, Bizans d\u00f6neminde oldu\u011fu gibi Sel\u00e7uklular&#8217;\u0131n fethinden sonra da H\u0131ristiyanlar ve M\u00fcsl\u00fcmanlar taraf\u0131ndan kutsal bir mekan kabul edilip \u00f6nemli bir ziyaret yeri olmu\u015ftur. Ashab-\u0131 Kehf ya da Yedi Uyurlar hadisesi, H\u0131ristiyanlar taraf\u0131ndan Seven Sleepers ad\u0131 ile bilinir. Yedi Uyurlar, terim anlam\u0131 olarak, Roma d\u00f6neminde putperest Dakyanus&#8217;un zulm\u00fcnden ka\u00e7arak bir ma\u011faraya s\u0131\u011f\u0131nan ve ma\u011farada, Allah taraf\u0131ndan uzun y\u0131llar uyutulup tekrar uyand\u0131r\u0131lan ve halk aras\u0131nda Yemliha, Mislina, Mekselina, Mernu\u015f, Debernu\u015f, \u015eazenu\u015f ve Kefestatayu\u015f isimleriyle bilinen inan\u00e7l\u0131 yedi gen\u00e7 ile k\u00f6pekleri K\u0131tmir&#8217;i ifade eder.Ashab-\u0131 Kehf iki kelimeden olu\u015fan Arap\u00e7a bir tamlamad\u0131r. Kehf; oyuk,in,ma\u011fara anlamlar\u0131na gelir.Arap\u00e7a e\u015fanlaml\u0131s\u0131 \u011fard\u0131r.Ashab\u0131n ise iki anlam\u0131 vard\u0131r. \u0130lki sahibin \u00e7o\u011fuludur.Dolay\u0131s\u0131yla Ashab-\u0131 Kehf bu anlamda Ma\u011fara Arkada\u015flar\u0131 anlam\u0131na gelir. Di\u011feri ise dostlar, arkada\u015flar anlam\u0131nda kullan\u0131lan ashabd\u0131r ki bu anlam\u0131yla da Ma\u011fara Dostlar\u0131, Ma\u011fara Arkada\u015flar\u0131 veya Ma\u011fara Yaran\u0131 anlamlar\u0131na gelir.<\/p>\n<h2><span style=\"color: #5c9906;\">English<\/span><\/h2>\n<p>Having been accepted as a sacred place by both the Christians and the Muslims after the conquest of the Seljuks, Ashab-\u0131 Kehf became an important place to visit just as it had been in the Byzantine period. It is known by the Christians with the name &#8216;Seven Sleepers&#8217;. In the lexical meaning, Seven Sleepers refer to the seven young believers who escaped the persecution of the heathen Dakianus and took refuge in the cave in the Roman period, and after being put to sleep by God for many years, were woken again, and who are known among the public with their names Yemliha, Mislina, Mekselina, Mernu\u015f, Debernu\u015f, \u015eazenu\u015f and Kefestatayu\u015f and their dog K\u0131tmir. Ashab-\u0131 Kehf is an Arabic compound phrase made up of two words. Kehf means cavern, hole, cave. Its Arabic synonym is \u011far. Ashab has two meanings. The first is the plural of &#8216;owner&#8217;. Therefore, The Seven Sleepers, Ashab-\u0131 Kehf means &#8216;cave friends&#8217; in this context. The other is ashab which is used as a word meaning pals, friends, and it also means cave pals, cave friends and cave splitters in this frame of reference.<\/p>\n<h2><span style=\"color: #5c9906;\"><strong>Deutsch<\/strong><\/span><\/h2>\n<p>Ashab-\u0131 Kehf, wird wie auch schon in der \u00c4ra der Byzantiner auch nach der Eroberung der Selcuken von Christen und Muslimen als heiliger Ort angesehen und ist ein wichtiger Besuchsort. Von Christen ist dieser Ort unter dem Namen &#8220;Siebenschl\u00e4fer&#8221; bekannt. Die Wortbedeutung dieses Begriffes umfasst sieben Schlafende. Damit sind sieben gl\u00e4ubige Jugendliche gemeint die in der heidnischen \u00c4ra der R\u00f6merzeit von der Verfolgung des damaligen K\u00f6nigs Dakianus flohen und sich in einer H\u00f6hle versteckten, daraufhin von Gott viele Jahre in tiefem Schlaf versetzt wurden und der sie danach ebenso wieder aufwachen lie\u00df. Im Volksmund sind diese unter den Namen Yemliha, Mislina, Maximian (Mexelina), Mernus, Deberus, Schazenus und Kefestayus bekannt und deren Hund trug den Namen K\u0131tm\u0131r. Das Wort Ashab-\u0131-Kehf ist eine pr\u00e4positionale Phrase in zwei Teilen aus dem Arabischen. &#8220;Kehf&#8221; bedeutet H\u00f6hle. Das arabische Synonym ist &#8220;\u011ear&#8221; Das Wort &#8220;Ashap&#8221; tr\u00e4gt zwei Bedeutungen. Die erste ist das Plural von Besitzer\/Tr\u00e4ger. Somit bedeutet Ashab-\u0131-Kehf &#8220;H\u00f6hlenfreunde&#8221; Als zweite Bedeutung wird f\u00fcr &#8220;Ashap&#8221; der Begriff &#8220;Freunde&#8221; verwendet was hier letztendlich wieder &#8220;H\u00f6hlenfreunde&#8221; und &#8220;H\u00f6hlenbenutzer&#8221; bedeutet.<\/p>\n<p><span style=\"color: #5c9906;\">Kaynak:<\/span>\u00a0http:\/\/www.afsin.bel.tr\/sayfa.asp?id=31<\/p>\n<h2><span style=\"color: #ff6600;\">Fotograflar<\/span><\/h2>\n<div style=\"float:left;margin-right:10px;margin-bottom:10px\"><a rel=\"gallery\" href=\"http:\/\/www.ismailbilir.com\/dugun\/wp-content\/uploads\/2015\/09\/DSCF1660.jpg\"><img decoding=\"async\" src=\"http:\/\/www.ismailbilir.com\/dugun\/wp-content\/themes\/core\/timthumb.php?src=http:\/\/www.ismailbilir.com\/dugun\/wp-content\/uploads\/2015\/09\/DSCF1660.jpg&amp;h=600&amp;w=650&amp;zc=1\" alt=\"\"\/><\/a><\/div>\n<div style=\"float:left;margin-right:10px;margin-bottom:10px\"><a rel=\"gallery\" href=\"http:\/\/www.ismailbilir.com\/dugun\/wp-content\/uploads\/2015\/09\/2.jpg\"><img decoding=\"async\" src=\"http:\/\/www.ismailbilir.com\/dugun\/wp-content\/themes\/core\/timthumb.php?src=http:\/\/www.ismailbilir.com\/dugun\/wp-content\/uploads\/2015\/09\/2.jpg&amp;h=600&amp;w=650&amp;zc=1\" alt=\"\"\/><\/a><\/div>\n<div style=\"float:left;margin-right:10px;margin-bottom:10px\"><a rel=\"gallery\" href=\"http:\/\/www.ismailbilir.com\/dugun\/wp-content\/uploads\/2015\/09\/1.jpg\"><img decoding=\"async\" src=\"http:\/\/www.ismailbilir.com\/dugun\/wp-content\/themes\/core\/timthumb.php?src=http:\/\/www.ismailbilir.com\/dugun\/wp-content\/uploads\/2015\/09\/1.jpg&amp;h=600&amp;w=650&amp;zc=1\" alt=\"\"\/><\/a><\/div>\n<p><br class=\"clear\"\/><\/p>\n<p>&nbsp;<\/p>\n","protected":false},"excerpt":{"rendered":"<p>Ashab-i Kehf K\u00fclliyesi T\u00fcrk\u00e7e Ashab-\u0131 Kehf ve bu olay\u0131n kuvvetle muhtemel vukuu buldu\u011fu mekan olan Kahramanmara\u015f Af\u015fin Ashab-\u0131 Kehf K\u00fclliyesi, Bizans d\u00f6neminde oldu\u011fu gibi Sel\u00e7uklular&#8217;\u0131n fethinden sonra da H\u0131ristiyanlar ve M\u00fcsl\u00fcmanlar taraf\u0131ndan kutsal bir mekan kabul edilip \u00f6nemli bir ziyaret yeri olmu\u015ftur. Ashab-\u0131 Kehf ya da Yedi Uyurlar hadisesi, H\u0131ristiyanlar taraf\u0131ndan Seven Sleepers ad\u0131 ile [&hellip;]<\/p>\n","protected":false},"author":1,"featured_media":0,"parent":0,"menu_order":0,"comment_status":"closed","ping_status":"closed","template":"page_r.php","meta":{"footnotes":""},"class_list":["post-85","page","type-page","status-publish","hentry"],"_links":{"self":[{"href":"http:\/\/www.ismailbilir.com\/dugun\/wp-json\/wp\/v2\/pages\/85","targetHints":{"allow":["GET"]}}],"collection":[{"href":"http:\/\/www.ismailbilir.com\/dugun\/wp-json\/wp\/v2\/pages"}],"about":[{"href":"http:\/\/www.ismailbilir.com\/dugun\/wp-json\/wp\/v2\/types\/page"}],"author":[{"embeddable":true,"href":"http:\/\/www.ismailbilir.com\/dugun\/wp-json\/wp\/v2\/users\/1"}],"replies":[{"embeddable":true,"href":"http:\/\/www.ismailbilir.com\/dugun\/wp-json\/wp\/v2\/comments?post=85"}],"version-history":[{"count":6,"href":"http:\/\/www.ismailbilir.com\/dugun\/wp-json\/wp\/v2\/pages\/85\/revisions"}],"predecessor-version":[{"id":97,"href":"http:\/\/www.ismailbilir.com\/dugun\/wp-json\/wp\/v2\/pages\/85\/revisions\/97"}],"wp:attachment":[{"href":"http:\/\/www.ismailbilir.com\/dugun\/wp-json\/wp\/v2\/media?parent=85"}],"curies":[{"name":"wp","href":"https:\/\/api.w.org\/{rel}","templated":true}]}}